{"id":3889,"date":"2019-06-12T09:58:51","date_gmt":"2019-06-12T13:58:51","guid":{"rendered":"https:\/\/resilienceclinic.ca\/resources\/"},"modified":"2023-08-14T18:02:59","modified_gmt":"2023-08-14T22:02:59","slug":"ressources","status":"publish","type":"page","link":"https:\/\/resilienceclinic.ca\/fr\/ressources\/","title":{"rendered":"Ressources et liens&nbsp;utiles"},"content":{"rendered":"<div class=\"wpb-content-wrapper\"><p>[vc_row][vc_column width=\u00a0\u00bb5\/6&Prime;][vc_row_inner css=\u00a0\u00bb.vc_custom_1563798591848{margin-top: -15px !important;}\u00a0\u00bb][vc_column_inner width=\u00a0\u00bb1\/2&Prime;][vc_separator color=\u00a0\u00bbcustom\u00a0\u00bb border_width=\u00a0\u00bb2&Prime; accent_color=\u00a0\u00bb#24a765&Prime;][vc_column_text css=\u00a0\u00bb.vc_custom_1692046413855{margin-top: -25px !important;margin-bottom: 0px !important;}\u00a0\u00bb]<\/p>\n<h3 style=\"text-align: center;\"><span style=\"color: #24a765;\">RESSOURCES D\u2019AUTO-ASSISTANCE<\/span><\/h3>\n<p>[\/vc_column_text][vc_column_text css=\u00a0\u00bb.vc_custom_1692046479283{margin-top: -5px !important;margin-bottom: 20px !important;}\u00a0\u00bb]<strong><a href=\"https:\/\/www.cci.health.wa.gov.au\/resources\/looking-after-yourself\" target=\"_blank\" rel=\"noopener noreferrer\">Centre for Clinical Interventions (site\u00a0en\u00a0anglais)<\/a><\/strong><br \/>\nCahiers d\u2019exercices gratuits d\u2019auto-assistance ax\u00e9s sur la TCC, qui traitent de tous les sujets, du sommeil, de la d\u00e9pression et des diff\u00e9rents troubles anxieux aux troubles de l\u2019alimentation et \u00e0\u00a0l\u2019intol\u00e9rance \u00e0\u00a0la\u00a0d\u00e9tresse.[\/vc_column_text][vc_column_text css=\u00a0\u00bb.vc_custom_1692046569493{margin-top: -5px !important;margin-bottom: 20px !important;}\u00a0\u00bb]<strong><a href=\"https:\/\/www.anxietycanada.com\/fr\/\" target=\"_blank\" rel=\"noopener noreferrer\">Anxi\u00e9t\u00e9 Canada<\/a><\/strong><br \/>\nRenseignements, vid\u00e9os, outils et ressources d\u2019auto-assistance pour traiter l\u2019anxi\u00e9t\u00e9 chez les enfants, les jeunes et les adultes (y\u00a0compris des ressources destin\u00e9es aux femmes enceintes et aux femmes en p\u00e9riode post-partum).[\/vc_column_text][vc_column_text css=\u00a0\u00bb.vc_custom_1692046622341{margin-top: -5px !important;margin-bottom: 20px !important;}\u00a0\u00bb]<strong><a href=\"http:\/\/www.phobies-zero.qc.ca\/\" target=\"_blank\" rel=\"noopener noreferrer\">Phobies-Z\u00e9ro<\/a><\/strong><br \/>\nRenseignements, ressources d\u2019auto-assistance, ligne d\u2019\u00e9coute et d\u2019assistance et clavardage en ligne pour g\u00e9rer les troubles anxieux et TOC (disponible en fran\u00e7ais seulement).[\/vc_column_text][vc_column_text css=\u00a0\u00bb.vc_custom_1692046684412{margin-top: -5px !important;margin-bottom: 20px !important;}\u00a0\u00bb]<strong><a href=\"https:\/\/self-compassion.org\/\" target=\"_blank\" rel=\"noopener noreferrer\">Self-Compassion par Kristin\u00a0Neff (site\u00a0en\u00a0anglais)<\/a><\/strong><br \/>\nVid\u00e9os, t\u00e9l\u00e9chargements audio et exercices d\u2019auto-assistance par Kristin Neff pour am\u00e9liorer l\u2019autocompassion comme moyen de diminuer l\u2019autocritique excessive.[\/vc_column_text][vc_column_text css=\u00a0\u00bb.vc_custom_1692046718319{margin-top: -5px !important;}\u00a0\u00bb]<strong><a href=\"https:\/\/tccmontreal.com\/grand-public\/\" target=\"_blank\" rel=\"noopener noreferrer\">TCC Montr\u00e9al<\/a><\/strong><br \/>\nRenseignements, outils et ressources d\u2019auto-assistance pour divers probl\u00e8mes de sant\u00e9 mentale dans une perspective de th\u00e9rapie cognitive et comportementale (disponible en fran\u00e7ais seulement).[\/vc_column_text][\/vc_column_inner][vc_column_inner width=\u00a0\u00bb1\/2&Prime;][vc_separator color=\u00a0\u00bbcustom\u00a0\u00bb border_width=\u00a0\u00bb2&Prime; accent_color=\u00a0\u00bb#24a765&Prime;][vc_column_text css=\u00a0\u00bb.vc_custom_1692046816391{margin-top: -25px !important;margin-bottom: 0px !important;}\u00a0\u00bb]<\/p>\n<h3 style=\"text-align: center;\"><span style=\"color: #24a765;\">LIENS UTILES<\/span><\/h3>\n<p>[\/vc_column_text][vc_column_text css=\u00a0\u00bb.vc_custom_1692046902784{margin-top: -5px !important;margin-bottom: 20px !important;}\u00a0\u00bb]<strong><a href=\"http:\/\/www.ordrepsy.qc.ca\" target=\"_blank\" rel=\"noopener noreferrer\">Ordre des psychologues du\u00a0Qu\u00e9bec<\/a><\/strong><br \/>\nV\u00e9rifiez si un ou une psychologue ou psychoth\u00e9rapeute a le droit de pratiquer la psychoth\u00e9rapie ou la neuropsychologie; recherchez des th\u00e9rapeutes qui peuvent vous aider en fonction de vos besoins de traitement, de votre langue, de votre lieu de r\u00e9sidence, de l\u2019approche th\u00e9rapeutique,\u00a0etc.[\/vc_column_text][vc_column_text css=\u00a0\u00bb.vc_custom_1692047587718{margin-top: -5px !important;margin-bottom: 20px !important;}\u00a0\u00bb]<strong><a href=\"https:\/\/amiquebec.org\/francais\/\" target=\"_blank\" rel=\"noopener noreferrer\">AMI-Qu\u00e9bec<\/a><\/strong><br \/>\nGroupes de soutien pour les personnes atteintes de maladie mentale et leurs proches; cet organisme propose \u00e9galement des s\u00e9ances d\u2019information, des ateliers et diverses ressources (y compris des listes d\u2019autres organismes offrant des services pour diff\u00e9rents besoins).[\/vc_column_text][vc_column_text css=\u00a0\u00bb.vc_custom_1692047621855{margin-top: -5px !important;margin-bottom: 20px !important;}\u00a0\u00bb]<strong><a href=\"https:\/\/cpa.ca\/fr\/public\/\" target=\"_blank\" rel=\"noopener noreferrer\">Soci\u00e9t\u00e9 canadienne de psychologie<\/a><\/strong><br \/>\nRenseignements sur le travail des psychologues, leur formation et ce qu\u2019il faut rechercher chez un\u00a0psychologue.[\/vc_column_text][vc_column_text css=\u00a0\u00bb.vc_custom_1692047658812{margin-top: -5px !important;margin-bottom: 20px !important;}\u00a0\u00bb]<strong><a href=\"https:\/\/www.apa.org\/index\" target=\"_blank\" rel=\"noopener noreferrer\">American Psychological Association (site\u00a0en\u00a0anglais)<\/a><\/strong><br \/>\nRenseignements et ressources sur la science et la pratique de la psychologie dans diff\u00e9rents domaines de la vie quotidienne.[\/vc_column_text][vc_column_text css=\u00a0\u00bb.vc_custom_1692047704194{margin-top: -5px !important;margin-bottom: 20px !important;}\u00a0\u00bb]<strong><a href=\"https:\/\/ampq.org\/\" target=\"_blank\" rel=\"noopener noreferrer\">Association des m\u00e9decins psychiatres du\u00a0Qu\u00e9bec<\/a><\/strong><br \/>\nRenseignements sur les maladies mentales courantes et sur ce que les psychiatres peuvent faire pour nous aider (en fran\u00e7ais seulement).[\/vc_column_text][vc_column_text css=\u00a0\u00bb.vc_custom_1692047731034{margin-top: -5px !important;}\u00a0\u00bb]<strong><a href=\"https:\/\/commissionsantementale.ca\/\" target=\"_blank\" rel=\"noopener noreferrer\">Commission de la sant\u00e9 mentale du Canada<\/a><\/strong><br \/>\nD\u00e9fense des droits, recherche, rapports et ressources pour la promotion de la sant\u00e9 mentale et la diminution de la stigmatisation de la\u00a0maladie\u00a0mentale.[\/vc_column_text][\/vc_column_inner][\/vc_row_inner][vc_row_inner][vc_column_inner width=\u00a0\u00bb1\/2&Prime;][vc_separator color=\u00a0\u00bbcustom\u00a0\u00bb border_width=\u00a0\u00bb2&Prime; accent_color=\u00a0\u00bb#24a765&Prime;][vc_column_text css=\u00a0\u00bb.vc_custom_1692047948026{margin-top: -25px !important;margin-bottom: 0px !important;}\u00a0\u00bb]<\/p>\n<h3 style=\"text-align: center;\"><span style=\"color: #24a765;\">CLINIQUES \u00c0 PRIX ABORDABLE<\/span><\/h3>\n<p>[\/vc_column_text][vc_column_text css=\u00a0\u00bb.vc_custom_1692047987552{margin-top: -5px !important;margin-bottom: 20px !important;}\u00a0\u00bb]<strong><a href=\"https:\/\/www.mcgill.ca\/edu-ecp\/about\/clinic\" target=\"_blank\" rel=\"noopener noreferrer\">McGill Psychoeducational &amp; Counselling\u00a0Clinic (site\u00a0en\u00a0anglais)<\/a><\/strong><br \/>\nAccessible \u00e0 tous (\u00e0 l\u2019exception des \u00e9l\u00e8ves de McGill), ce centre de formation propose des \u00e9valuations psychoth\u00e9rapeutiques et psychop\u00e9dagogiques \u00e0 un tarif r\u00e9duit. Les services sont principalement offerts en anglais; la th\u00e9rapie peut \u00eatre offerte en fran\u00e7ais selon la disponibilit\u00e9 des th\u00e9rapeutes francophones.[\/vc_column_text][vc_column_text css=\u00a0\u00bb.vc_custom_1692048028365{margin-top: -5px !important;margin-bottom: 20px !important;}\u00a0\u00bb]<strong><a href=\"https:\/\/www.concordia.ca\/artsci\/psychology\/facilities-services\/apc.html\" target=\"_blank\" rel=\"noopener noreferrer\">Applied Psychology Centre of Concordia (site\u00a0en\u00a0anglais)<\/a><\/strong><br \/>\nOuvert au grand public (y compris aux \u00e9l\u00e8ves de Concordia), ce centre de formation propose des \u00e9valuations psychoth\u00e9rapeutiques et psychop\u00e9dagogiques \u00e0 tarif r\u00e9duit. Les services sont principalement offerts en anglais, mais des th\u00e9rapies peuvent \u00eatre offertes en\u00a0fran\u00e7ais.[\/vc_column_text][vc_column_text css=\u00a0\u00bb.vc_custom_1692048165474{margin-top: -5px !important;margin-bottom: 20px !important;}\u00a0\u00bb]<strong><a href=\"https:\/\/psychologie.uqam.ca\/centre-de-services-psychologiques-csp\/\" target=\"_blank\" rel=\"noopener noreferrer\">Centre de services psychologiques de\u00a0l\u2019UQAM<\/a><\/strong><br \/>\nOuvert au grand public (y compris aux \u00e9l\u00e8ves de l\u2019UQAM), ce centre de formation propose des \u00e9valuations psychoth\u00e9rapeutiques et psychop\u00e9dagogiques \u00e0 tarif r\u00e9duit. Les services sont principalement offerts en fran\u00e7ais, mais des th\u00e9rapies peuvent \u00eatre offertes en anglais selon la disponibilit\u00e9 des th\u00e9rapeutes anglophones.[\/vc_column_text][vc_column_text css=\u00a0\u00bb.vc_custom_1692048088678{margin-top: -5px !important;}\u00a0\u00bb]<strong><a href=\"https:\/\/psy.umontreal.ca\/ressources-services\/clinique-universitaire-de-psychologie\/\" target=\"_blank\" rel=\"noopener noreferrer\">Clinique universitaire de psychologie de\u00a0l\u2019UdeM<\/a><\/strong><br \/>\nOuvert au grand public (y compris aux \u00e9l\u00e8ves de l\u2019UdeM), ce centre de formation offre des \u00e9valuations psychoth\u00e9rapeutiques et psychop\u00e9dagogiques \u00e0 tarif r\u00e9duit. Les services sont principalement offerts en fran\u00e7ais, mais des th\u00e9rapies peuvent \u00eatre offertes en anglais selon la disponibilit\u00e9 des th\u00e9rapeutes anglophones.[\/vc_column_text][\/vc_column_inner][vc_column_inner width=\u00a0\u00bb1\/2&Prime;][vc_separator color=\u00a0\u00bbcustom\u00a0\u00bb border_width=\u00a0\u00bb2&Prime; accent_color=\u00a0\u00bb#24a765&Prime;][vc_column_text css=\u00a0\u00bb.vc_custom_1692048460268{margin-top: -25px !important;margin-bottom: 0px !important;}\u00a0\u00bb]<\/p>\n<h3 style=\"text-align: center;\"><span style=\"color: #24a765;\">COLL\u00c8GUES DE CONFIANCE<\/span><\/h3>\n<p>[\/vc_column_text][vc_column_text css=\u00a0\u00bb.vc_custom_1692048551487{margin-top: -5px !important;margin-bottom: 20px !important;}\u00a0\u00bb]<strong><a href=\"https:\/\/connectepsychology.com\/fr\/accueil\/\" target=\"_blank\" rel=\"noopener noreferrer\">Connecte : Groupe de psychologues de\u00a0Montr\u00e9al<\/a><\/strong><br \/>\n\u00c9quipe de psychologues et d\u2019autres professionnelles de la sant\u00e9 travaillant \u00e0 proximit\u00e9 et avec lesquelles nous collaborons fr\u00e9quemment.[\/vc_column_text][vc_column_text css=\u00a0\u00bb.vc_custom_1692048614805{margin-top: -5px !important;margin-bottom: 20px !important;}\u00a0\u00bb]<strong><a href=\"https:\/\/www.thesecurechild.com\/\" target=\"_blank\" rel=\"noopener noreferrer\">The Secure Child: Centre for Families and\u00a0Children (site\u00a0en\u00a0anglais)<\/a><\/strong><br \/>\nGroupe de psychologues et de doctorant(e)s en psychologie qui se sp\u00e9cialisent dans l\u2019aide \u00e0 l&rsquo;\u00e9panouissement du plein potentiel des enfants et de leur\u00a0famille.[\/vc_column_text][vc_column_text css=\u00a0\u00bb.vc_custom_1692048667134{margin-top: -5px !important;margin-bottom: 20px !important;}\u00a0\u00bb]<strong><a href=\"http:\/\/www.cliniqueargyle.com\/\" target=\"_blank\" rel=\"noopener noreferrer\">Clinique Argyle \u2014 St-Lambert<\/a><\/strong><br \/>\nGroupe de psychologues et d\u2019autres professionnel(le)s de la sant\u00e9, bas\u00e9 sur la rive sud, offrant une large gamme de services de sant\u00e9 psychologique et physique aux enfants, aux adolescent(e)s et aux adultes (principalement francophones).[\/vc_column_text][vc_column_text css=\u00a0\u00bb.vc_custom_1692048711488{margin-top: -5px !important;margin-bottom: 20px !important;}\u00a0\u00bb]<strong><a href=\"https:\/\/www.institutalpha.com\/\" target=\"_blank\" rel=\"noopener noreferrer\">Institut Alpha<\/a><\/strong><br \/>\nGroupe de psychologues qui se sp\u00e9cialisent dans l\u2019anxi\u00e9t\u00e9 et le TSPT, situ\u00e9 pr\u00e8s du m\u00e9tro Henri-Bourassa. Les services sont principalement offerts en fran\u00e7ais, mais un certain nombre de psychologues parlent couramment l\u2019anglais.[\/vc_column_text][vc_column_text css=\u00a0\u00bb.vc_custom_1692048755348{margin-top: -5px !important;}\u00a0\u00bb]<strong><a href=\"https:\/\/centremeraki.com\/fr\/\" target=\"_blank\" rel=\"noopener noreferrer\">Centre de sant\u00e9 Meraki<\/a><\/strong><br \/>\nGroupe de p\u00e9diatres et de professionnels de la sant\u00e9 collaborant dans le cadre du programme de variance de genre (PVG) pour les enfants et les adultes ou du programme d\u2019\u00e9valuation du d\u00e9veloppement interdisciplinaire (PEDI) pour les \u00e9ventuels probl\u00e8mes de d\u00e9veloppement neurologique chez les\u00a0enfants.[\/vc_column_text][\/vc_column_inner][\/vc_row_inner][\/vc_column][vc_column width=\u00a0\u00bb1\/6&Prime;][\/vc_column][\/vc_row]<\/p>\n<\/div>","protected":false},"excerpt":{"rendered":"<p>Ressources d\u2019aide en ligne, cliniques \u00e0 tarifs r\u00e9duits, liens utiles et coll\u00e8gues de confiance afin de vous aider avec votre sant\u00e9&nbsp;mentale.<\/p>\n","protected":false},"author":1,"featured_media":0,"parent":0,"menu_order":0,"comment_status":"closed","ping_status":"closed","template":"","meta":{"footnotes":""},"class_list":["post-3889","page","type-page","status-publish","hentry"],"_links":{"self":[{"href":"https:\/\/resilienceclinic.ca\/fr\/wp-json\/wp\/v2\/pages\/3889","targetHints":{"allow":["GET"]}}],"collection":[{"href":"https:\/\/resilienceclinic.ca\/fr\/wp-json\/wp\/v2\/pages"}],"about":[{"href":"https:\/\/resilienceclinic.ca\/fr\/wp-json\/wp\/v2\/types\/page"}],"author":[{"embeddable":true,"href":"https:\/\/resilienceclinic.ca\/fr\/wp-json\/wp\/v2\/users\/1"}],"replies":[{"embeddable":true,"href":"https:\/\/resilienceclinic.ca\/fr\/wp-json\/wp\/v2\/comments?post=3889"}],"version-history":[{"count":7,"href":"https:\/\/resilienceclinic.ca\/fr\/wp-json\/wp\/v2\/pages\/3889\/revisions"}],"predecessor-version":[{"id":3918,"href":"https:\/\/resilienceclinic.ca\/fr\/wp-json\/wp\/v2\/pages\/3889\/revisions\/3918"}],"wp:attachment":[{"href":"https:\/\/resilienceclinic.ca\/fr\/wp-json\/wp\/v2\/media?parent=3889"}],"curies":[{"name":"wp","href":"https:\/\/api.w.org\/{rel}","templated":true}]}}