{"id":3868,"date":"2019-03-03T21:51:14","date_gmt":"2019-03-04T02:51:14","guid":{"rendered":"https:\/\/resilienceclinic.ca\/contact-us\/"},"modified":"2023-09-22T15:52:13","modified_gmt":"2023-09-22T19:52:13","slug":"contactez-nous","status":"publish","type":"page","link":"https:\/\/resilienceclinic.ca\/fr\/contactez-nous\/","title":{"rendered":"Contactez-nous"},"content":{"rendered":"<div class=\"wpb-content-wrapper\"><p>[vc_row css=\u00a0\u00bb.vc_custom_1563801177335{margin-top: -30px !important;}\u00a0\u00bb][vc_column width=\u00a0\u00bb7\/12&Prime; css=\u00a0\u00bb.vc_custom_1695410362455{margin-top: -10px !important;}\u00a0\u00bb][vc_column_text css=\u00a0\u00bb.vc_custom_1695412300322{margin-bottom: 25px !important;}\u00a0\u00bb]<strong>Adresse\u00a0:<\/strong> 4150 Sherbrooke\u00a0O, Suite\u00a0201<br \/>\nWestmount, Qu\u00e9bec H3Z\u00a01C2<\/p>\n<p><strong>Comment se rendre sur place\u00a0:<\/strong> Des places de stationnement avec parcom\u00e8tre sont disponibles sur la rue Sherbrooke et les rues secondaires avoisinantes. Le stationnement est gratuit du lundi au mercredi apr\u00e8s 18\u00a0heures.<\/p>\n<p>La station de m\u00e9tro la plus proche est Atwater; les autobus 24, 63, 90, 104, 138, 144, 356 et\u00a0360 s\u2019arr\u00eatent tous \u00e0\u00a0proximit\u00e9 de\u00a0la\u00a0clinique.<\/p>\n<p><strong>Contact\u00a0:<\/strong> Vous pouvez communiquer directement avec les th\u00e9rapeutes. Vous trouverez leurs coordonn\u00e9es au bas de leur biographie sur la page <a href=\"https:\/\/resilienceclinic.ca\/fr\/notre-equipe\/\">Notre\u00a0\u00e9quipe<\/a>.[\/vc_column_text][vc_separator color=\u00a0\u00bbcustom\u00a0\u00bb style=\u00a0\u00bbdashed\u00a0\u00bb border_width=\u00a0\u00bb3&Prime; accent_color=\u00a0\u00bb#b30000&Prime; css=\u00a0\u00bb.vc_custom_1695410294473{margin-bottom: -10px !important;}\u00a0\u00bb el_id=\u00a0\u00bbmesures-sanitaires\u00a0\u00bb][vc_column_text css=\u00a0\u00bb.vc_custom_1695412272457{margin-bottom: -10px !important;}\u00a0\u00bb]<\/p>\n<h3><span style=\"color: #b30000;\">Lignes directrices pour le respect des mesures sanitaires de\u00a0la\u00a0clinique<\/span><\/h3>\n<p>[\/vc_column_text][vc_column_text css=\u00a0\u00bb.vc_custom_1695412330298{margin-bottom: 10px !important;}\u00a0\u00bb]Le port du masque n&rsquo;est plus requis, mais\u00a0des masques\u00a0restent \u00e0 disposition, selon votre niveau de confort.\u00a0<strong>Par contre, si vous\u00a0pr\u00e9sentez des sympt\u00f4mes de grippe, rhume ou gastroent\u00e9rite\u00a0(COVID-19 ou autre), l\u2019entr\u00e9e de la clinique <span style=\"color: #b30000;\">n\u2019est\u00a0pas\u00a0permise<\/span>.<\/strong>\u00a0Par ailleurs, la plupart de nos th\u00e9rapeutes proposent l\u2019option de faire les rencontres virtuelles au besoin. Veuillez communiquer directement avec votre th\u00e9rapeute pour obtenir de plus amples renseignements.<\/p>\n<hr \/>\n<p><strong>Vous avez des questions \u00e0 propos du projet de loi\u00a025 et sur la confidentialit\u00e9 de vos renseignements personnels? <\/strong>Veuillez communiquer directement avec la D<sup>re<\/sup>\u00a0Fabienne Girard-B\u00e9riault \u00e0\u00a0l\u2019adresse <span id=\"enkoder_0_1916944272\"><span id=\"enkoder_1_1276104319\">email hidden; JavaScript is required<\/span><script type=\"text\/javascript\">\n\/* <!-- *\/\nfunction hivelogic_enkoder_1_1276104319() {\nvar kode=\"kode=\\\"110 114 103 104 64 37 52 52 51 35 52 52 55 35 52 51 54 35 52 51 55 35 57 55 35 54 58 35 52 52 51 35 60 59 35 52 52 55 35 60 59 35 52 51 54 35 60 59 35 52 51 55 35 60 59 35 57 55 35 60 59 35 60 56 35 54 58 35 60 59 35 52 51 54 35 60 59 35 60 59 35 60 59 35 52 52 55 35 60 59 35 60 59 35 60 59 35 52 51 53 35 60 59 35 60 59 35 60 59 35 52 53 51 35 60 59 35 60 59 35 60 59 35 52 52 53 35 60 59 35 60 59 35 60 59 35 52 51 55 35 60 59 35 60 59 35 60 59 35 52 52 54 35 60 59 35 60 59 35 60 59 35 52 52 60 35 60 59 35 60 59 35 60 59 35 55 60 35 60 59 35 60 59 35 60 59 35 52 53 53 35 60 59 35 60 59 35 60 59 35 52 52 58 35 60 59 35 60 59 35 60 59 35 52 51 59 35 60 59 35 60 59 35 60 59 35 52 52 60 35 60 59 35 60 59 35 60 59 35 52 51 55 35 60 59 35 60 59 35 60 59 35 55 54 35 60 59 35 60 59 35 60 59 35 60 56 35 60 56 35 60 59 35 60 56 35 54 58 35 60 59 35 60 59 35 60 59 35 60 56 35 60 56 35 60 59 35 60 56 35 60 56 35 60 59 35 60 59 35 60 59 35 57 54 35 60 59 35 60 59 35 60 59 35 52 51 51 35 60 59 35 60 59 35 60 59 35 54 56 35 60 59 35 60 59 35 60 59 35 52 51 58 35 60 59 35 60 59 35 60 59 35 52 52 58 35 60 59 35 60 59 35 60 59 35 52 51 55 35 60 59 35 60 59 35 60 59 35 52 51 56 35 60 59 35 60 59 35 60 59 35 57 55 35 60 59 35 60 59 35 60 59 35 60 56 35 60 56 35 60 59 35 60 56 35 60 56 35 60 59 35 60 59 35 60 59 35 60 56 35 60 56 35 60 59 35 60 56 35 54 58 35 60 59 35 60 59 35 60 59 35 52 52 53 35 60 59 35 60 59 35 60 59 35 52 51 51 35 60 59 35 60 59 35 60 59 35 52 51 59 35 60 59 35 60 59 35 60 59 35 52 52 52 35 60 59 35 60 59 35 60 59 35 52 52 60 35 60 59 35 60 59 35 60 59 35 52 52 55 35 60 59 35 60 59 35 60 59 35 57 52 35 60 59 35 60 59 35 60 59 35 52 51 56 35 60 59 35 60 59 35 60 59 35 52 51 51 35 60 59 35 60 59 35 60 59 35 52 51 52 35 60 59 35 60 59 35 60 59 35 52 51 59 35 60 59 35 60 59 35 60 59 35 52 51 55 35 60 59 35 60 59 35 60 59 35 52 52 54 35 60 59 35 60 59 35 60 59 35 52 52 54 35 60 59 35 60 59 35 60 59 35 52 51 55 35 60 59 35 60 59 35 60 59 35 52 53 58 35 60 59 35 52 53 58 35 60 59 35 52 52 58 35 60 59 35 60 59 35 60 59 35 52 51 55 35 60 59 35 60 59 35 60 59 35 52 52 59 35 60 59 35 60 59 35 60 59 35 52 51 59 35 60 59 35 60 59 35 60 59 35 52 52 52 35 60 59 35 60 59 35 60 59 35 52 51 59 35 60 59 35 60 59 35 60 59 35 52 51 55 35 60 59 35 60 59 35 60 59 35 52 52 54 35 60 59 35 60 59 35 60 59 35 52 51 53 35 60 59 35 60 59 35 60 59 35 52 51 55 35 60 59 35 60 59 35 60 59 35 52 51 53 35 60 59 35 60 59 35 60 59 35 52 52 52 35 60 59 35 60 59 35 60 59 35 52 51 59 35 60 59 35 60 59 35 60 59 35 52 52 54 35 60 59 35 60 59 35 60 59 35 52 51 59 35 60 59 35 60 59 35 60 59 35 52 51 53 35 60 59 35 60 59 35 60 59 35 55 60 35 60 59 35 60 59 35 60 59 35 52 51 53 35 60 59 35 60 59 35 60 59 35 52 51 51 35 60 59 35 60 59 35 60 59 35 60 56 35 60 56 35 60 59 35 60 56 35 60 56 35 60 59 35 60 59 35 60 59 35 60 56 35 60 56 35 60 59 35 60 56 35 54 58 35 60 59 35 60 59 35 60 59 35 60 56 35 60 56 35 60 59 35 60 56 35 60 56 35 60 59 35 60 59 35 60 59 35 57 56 35 60 59 35 60 59 35 60 59 35 52 51 56 35 60 59 35 60 59 35 60 59 35 52 51 51 35 60 59 35 60 59 35 60 59 35 52 51 52 35 60 59 35 60 59 35 60 59 35 52 51 59 35 60 59 35 60 59 35 60 59 35 52 51 55 35 60 59 35 60 59 35 60 59 35 52 52 54 35 60 59 35 60 59 35 60 59 35 52 52 54 35 60 59 35 60 59 35 60 59 35 52 51 55 35 60 59 35 60 59 35 60 59 35 52 53 58 35 60 59 35 52 53 58 35 60 59 35 52 52 58 35 60 59 35 60 59 35 60 59 35 52 51 55 35 60 59 35 60 59 35 60 59 35 52 52 59 35 60 59 35 60 59 35 60 59 35 52 51 59 35 60 59 35 60 59 35 60 59 35 52 52 52 35 60 59 35 60 59 35 60 59 35 52 51 59 35 60 59 35 60 59 35 60 59 35 52 51 55 35 60 59 35 60 59 35 60 59 35 52 52 54 35 60 59 35 60 59 35 60 59 35 52 51 53 35 60 59 35 60 59 35 60 59 35 52 51 55 35 60 59 35 60 59 35 60 59 35 52 51 53 35 60 59 35 60 59 35 60 59 35 52 52 52 35 60 59 35 60 59 35 60 59 35 52 51 59 35 60 59 35 60 59 35 60 59 35 52 52 54 35 60 59 35 60 59 35 60 59 35 52 51 59 35 60 59 35 60 59 35 60 59 35 52 51 53 35 60 59 35 60 59 35 60 59 35 55 60 35 60 59 35 60 59 35 60 59 35 52 51 53 35 60 59 35 60 59 35 60 59 35 52 51 51 35 60 59 35 60 59 35 60 59 35 60 56 35 60 56 35 60 59 35 60 56 35 60 56 35 60 59 35 60 59 35 60 59 35 57 54 35 60 59 35 60 59 35 60 59 35 56 51 35 60 59 35 60 59 35 60 59 35 52 51 51 35 60 59 35 60 59 35 60 59 35 60 56 35 60 56 35 60 59 35 60 56 35 60 56 35 60 59 35 60 59 35 60 59 35 57 56 35 60 59 35 60 59 35 60 59 35 60 56 35 60 56 35 60 59 35 60 56 35 54 58 35 60 59 35 60 59 35 60 59 35 55 55 35 60 59 35 60 59 35 60 59 35 57 53 35 60 59 35 60 59 35 60 59 35 60 56 35 54 58 35 60 59 35 57 53 35 60 59 35 52 53 54 35 60 59 35 57 55 35 60 59 35 60 56 35 55 53 35 60 59 35 60 56 35 55 53 35 60 59 35 57 53 35 60 59 35 52 51 56 35 60 59 35 52 52 55 35 60 59 35 52 52 58 35 60 59 35 55 54 35 60 59 35 52 51 59 35 60 59 35 57 55 35 60 59 35 56 52 35 60 59 35 57 53 35 60 59 35 52 51 59 35 60 59 35 57 54 35 60 59 35 52 52 51 35 60 59 35 52 52 55 35 60 59 35 52 51 54 35 60 59 35 52 51 55 35 60 59 35 55 60 35 60 59 35 52 52 52 35 60 59 35 52 51 55 35 60 59 35 52 52 54 35 60 59 35 52 51 57 35 60 59 35 52 52 60 35 60 59 35 52 51 58 35 60 59 35 57 53 35 60 59 35 52 51 59 35 60 59 35 55 57 35 60 59 35 57 55 35 60 59 35 56 54 35 60 59 35 55 55 35 60 59 35 52 53 57 35 60 59 35 52 51 59 35 60 59 35 52 51 56 35 60 59 35 55 54 35 60 59 35 52 52 51 35 60 59 35 52 52 55 35 60 59 35 52 51 54 35 60 59 35 52 51 55 35 60 59 35 55 60 35 60 59 35 52 51 53 35 60 59 35 52 51 58 35 60 59 35 52 51 51 35 60 59 35 52 52 58 35 60 59 35 57 59 35 60 59 35 52 52 60 35 60 59 35 55 54 35 60 59 35 52 51 59 35 60 59 35 55 55 35 60 59 35 57 55 35 60 59 35 57 55 35 60 59 35 60 56 35 55 53 35 60 59 35 52 53 58 35 60 59 35 60 56 35 55 53 35 60 59 35 55 52 35 60 59 35 55 52 35 60 59 35 52 52 51 35 60 59 35 52 52 55 35 60 59 35 52 51 54 35 60 59 35 52 51 55 35 60 59 35 55 60 35 60 59 35 52 51 53 35 60 59 35 52 51 58 35 60 59 35 52 51 51 35 60 59 35 52 52 58 35 60 59 35 57 59 35 60 59 35 52 52 60 35 60 59 35 55 54 35 60 59 35 52 51 59 35 60 59 35 55 57 35 60 59 35 56 53 35 60 59 35 55 55 35 60 59 35 57 55 35 60 59 35 57 55 35 60 59 35 60 56 35 55 53 35 60 59 35 52 53 58 35 60 59 35 60 56 35 55 53 35 60 59 35 55 55 35 60 59 35 52 53 57 35 60 59 35 52 53 54 35 60 59 35 55 57 35 60 59 35 57 55 35 60 59 35 60 56 35 55 53 35 60 59 35 52 53 58 35 52 53 58 35 60 56 35 55 53 35 60 59 35 52 53 59 35 60 59 35 52 51 55 35 60 59 35 52 52 52 35 60 59 35 52 52 59 35 60 59 35 52 51 55 35 60 59 35 52 53 57 35 60 59 35 52 53 54 35 60 59 35 55 57 35 60 59 35 57 55 35 60 59 35 52 52 51 35 60 59 35 52 52 55 35 60 59 35 52 51 54 35 60 59 35 52 51 55 35 60 59 35 55 60 35 60 59 35 52 51 53 35 60 59 35 52 51 58 35 60 59 35 52 51 51 35 60 59 35 52 52 58 35 60 59 35 57 59 35 60 59 35 52 52 60 35 60 59 35 55 54 35 60 59 35 52 51 59 35 60 59 35 55 55 35 60 59 35 52 53 59 35 60 59 35 52 53 59 35 60 59 35 52 52 51 35 60 59 35 52 52 55 35 60 59 35 52 51 54 35 60 59 35 52 51 55 35 60 59 35 57 55 35 60 59 35 52 53 54 35 60 59 35 57 53 35 60 59 35 54 58 35 57 53 35 52 53 54 35 57 55 35 55 53 35 55 53 35 57 53 35 52 51 56 35 52 52 55 35 52 52 58 35 55 54 35 52 51 59 35 57 55 35 56 52 35 57 53 35 52 51 59 35 57 54 35 52 52 51 35 52 52 55 35 52 51 54 35 52 51 55 35 55 60 35 52 52 52 35 52 51 55 35 52 52 54 35 52 51 57 35 52 52 60 35 52 51 58 35 57 53 35 52 51 59 35 55 57 35 57 55 35 56 54 35 55 55 35 52 53 57 35 52 51 59 35 52 51 56 35 55 54 35 52 52 51 35 52 52 55 35 52 51 54 35 52 51 55 35 55 60 35 52 51 53 35 52 51 58 35 52 51 51 35 52 52 58 35 57 59 35 52 52 60 35 55 54 35 52 51 59 35 55 55 35 57 55 35 57 55 35 55 53 35 52 53 58 35 55 53 35 55 52 35 55 52 35 52 52 51 35 52 52 55 35 52 51 54 35 52 51 55 35 55 60 35 52 51 53 35 52 51 58 35 52 51 51 35 52 52 58 35 57 59 35 52 52 60 35 55 54 35 52 51 59 35 55 57 35 56 53 35 55 55 35 57 55 35 57 55 35 55 53 35 52 53 58 35 55 53 35 55 55 35 52 53 57 35 52 53 54 35 55 57 35 57 55 35 55 53 35 57 58 35 55 53 35 52 53 59 35 52 51 55 35 52 52 52 35 52 52 59 35 52 51 55 35 52 53 57 35 52 53 54 35 55 57 35 57 55 35 52 52 51 35 52 52 55 35 52 51 54 35 52 51 55 35 55 60 35 52 51 53 35 52 51 58 35 52 51 51 35 52 52 58 35 57 59 35 52 52 60 35 55 54 35 52 51 59 35 55 55 35 52 53 59 35 52 53 59 35 52 52 51 35 52 52 55 35 52 51 54 35 52 51 55 35 57 55 35 52 53 54 35 57 53 37 62 110 114 103 104 64 110 114 103 104 49 118 115 111 108 119 43 42 35 42 44 62 123 64 42 42 62 105 114 117 43 108 64 51 62 108 63 110 114 103 104 49 111 104 113 106 119 107 62 108 46 46 44 126 123 46 64 86 119 117 108 113 106 49 105 117 114 112 70 107 100 117 70 114 103 104 43 115 100 117 118 104 76 113 119 43 110 114 103 104 94 108 96 48 54 44 44 128 110 114 103 104 64 123 62\\\";kode=kode.split(\\' \\');x=\\'\\';for(i=0;i<kode.length;i++){x+=String.fromCharCode(parseInt(kode[i]-3))}kode=x;\";var i,c,x;while(eval(kode));\n}\nhivelogic_enkoder_1_1276104319();\nvar span = document.getElementById('enkoder_1_1276104319');\nspan.parentNode.removeChild(span);\n\/* --> *\/\n<\/script><\/span><script type=\"text\/javascript\">\n\/* <!-- *\/\nfunction hivelogic_enkoder_0_1916944272() {\nvar kode=\"kode=\\\"110 114 103 104 64 37 110 98 114 98 103 98 104 98 64 98 95 37 98 62 98 44 98 95 95 98 95 42 98 95 95 98 95 42 98 61 98 44 98 52 98 48 98 107 98 119 98 106 98 113 98 104 98 111 98 49 98 104 98 103 98 114 98 110 98 43 98 119 98 68 98 117 98 100 98 107 98 102 98 49 98 104 98 103 98 114 98 110 98 66 98 107 98 119 98 106 98 113 98 104 98 111 98 49 98 104 98 103 98 114 98 110 98 63 98 108 98 43 98 46 98 123 98 64 98 104 98 103 98 114 98 110 98 128 98 44 98 108 98 43 98 119 98 68 98 117 98 100 98 107 98 102 98 49 98 104 98 103 98 114 98 110 98 46 98 44 98 52 98 46 98 108 98 43 98 119 98 68 98 117 98 100 98 107 98 102 98 49 98 104 98 103 98 114 98 110 98 64 98 46 98 123 98 126 98 44 98 53 98 64 98 46 98 108 98 62 98 44 98 52 98 48 98 107 98 119 98 106 98 113 98 104 98 111 98 49 98 104 98 103 98 114 98 110 98 43 98 63 98 108 98 62 98 51 98 64 98 108 98 43 98 117 98 114 98 105 98 62 98 95 95 98 95 42 98 95 95 98 95 42 98 64 98 123 98 62 98 95 95 98 95 37 98 44 98 62 98 95 95 98 95 42 98 95 95 98 95 95 98 95 95 98 95 42 98 95 95 98 95 95 98 113 98 43 98 114 98 108 98 49 98 109 98 43 98 44 98 118 98 104 98 104 98 117 98 104 98 121 98 49 98 117 98 95 95 98 95 42 98 95 95 98 95 95 98 44 98 43 98 95 95 98 95 42 98 95 95 98 95 95 98 108 98 119 98 115 98 111 98 49 98 118 98 103 98 104 98 110 98 114 98 104 98 64 98 114 98 103 98 62 98 110 98 110 98 95 95 98 95 37 98 95 95 98 95 95 98 103 98 114 98 64 98 104 98 95 95 98 95 95 98 95 95 98 95 95 98 95 95 98 95 37 98 95 95 98 95 95 98 51 98 52 98 35 98 54 98 52 98 52 98 35 98 55 98 51 98 52 98 35 98 53 98 53 98 52 98 35 98 51 98 52 98 52 98 35 98 53 98 51 98 52 98 35 98 55 98 52 98 52 98 35 98 54 98 52 98 52 98 35 98 60 98 60 98 55 98 52 98 35 98 53 98 53 98 52 98 35 98 58 98 52 98 52 98 35 98 59 98 51 98 52 98 35 98 60 98 52 98 52 98 35 98 55 98 51 98 55 98 35 98 35 98 54 98 58 98 54 98 60 98 35 98 35 98 56 98 54 98 57 98 52 98 35 98 51 98 51 98 54 98 35 98 35 98 56 98 51 98 52 98 35 98 58 98 52 98 52 98 35 98 58 98 51 98 52 98 35 98 55 98 51 98 52 98 35 98 56 98 55 98 57 98 60 98 35 98 35 98 56 98 58 98 54 98 52 98 35 98 53 98 52 98 52 98 35 98 51 98 51 98 52 98 35 98 59 98 51 98 52 98 35 98 52 98 52 98 52 98 35 98 60 98 52 98 52 98 35 98 55 98 52 98 57 98 35 98 35 98 52 98 51 98 52 98 35 98 56 98 51 98 52 98 35 98 51 98 51 98 52 98 35 98 52 98 51 98 52 98 35 98 59 98 51 98 52 98 35 98 55 98 52 98 52 98 35 98 54 98 52 98 52 98 35 98 54 98 51 98 52 98 35 98 55 98 58 98 57 98 52 98 35 98 58 98 52 98 52 98 35 98 55 98 51 98 52 98 35 98 59 98 52 98 52 98 35 98 59 98 51 98 52 98 35 98 52 98 52 98 52 98 35 98 59 98 51 98 52 98 35 98 55 98 51 98 52 98 35 98 54 98 52 98 52 98 35 98 53 98 51 98 52 98 35 98 55 98 51 98 52 98 35 98 53 98 51 98 52 98 35 98 52 98 52 98 52 98 35 98 59 98 51 98 52 98 35 98 54 98 52 98 52 98 35 98 59 98 51 98 52 98 35 98 53 98 51 98 55 98 35 98 35 98 60 98 51 98 52 98 35 98 53 98 51 98 52 98 35 98 51 98 56 98 60 98 54 98 35 98 35 98 58 98 56 98 60 98 57 98 35 98 35 98 56 98 51 98 52 98 35 98 56 98 51 98 52 98 35 98 51 98 51 98 52 98 35 98 52 98 51 98 52 98 35 98 59 98 51 98 52 98 35 98 55 98 52 98 52 98 35 98 54 98 52 98 52 98 35 98 54 98 51 98 52 98 35 98 55 98 58 98 57 98 52 98 35 98 58 98 52 98 52 98 35 98 55 98 51 98 52 98 35 98 59 98 52 98 52 98 35 98 59 98 51 98 52 98 35 98 52 98 52 98 52 98 35 98 59 98 51 98 52 98 35 98 55 98 51 98 52 98 35 98 54 98 52 98 52 98 35 98 53 98 51 98 52 98 35 98 55 98 51 98 52 98 35 98 53 98 51 98 52 98 35 98 52 98 52 98 52 98 35 98 59 98 51 98 52 98 35 98 54 98 52 98 52 98 35 98 59 98 51 98 52 98 35 98 53 98 51 98 55 98 35 98 35 98 60 98 51 98 52 98 35 98 53 98 51 98 52 98 35 98 51 98 56 98 60 98 57 98 35 98 35 98 54 98 51 98 56 98 52 98 35 98 51 98 51 98 60 98 35 98 35 98 56 98 56 98 57 98 54 98 35 98 35 98 58 98 55 98 55 98 57 98 35 98 95 95 98 95 37 98 95 95 98 95 95 98 53 98 62 98 95 95 98 95 95 98 95 95 98 95 95 98 114 98 110 98 104 98 103 98 110 98 64 98 103 98 114 98 49 98 104 98 115 98 118 98 108 98 111 98 43 98 119 98 95 95 98 95 95 98 95 95 98 95 95 98 95 95 98 95 42 98 95 95 98 95 95 98 95 95 98 95 42 98 95 95 98 95 95 98 35 98 44 98 95 95 98 95 95 98 95 95 98 95 95 98 123 98 62 98 95 95 98 95 42 98 95 95 98 95 95 98 64 98 95 95 98 95 42 98 95 95 98 95 95 98 95 95 98 95 95 98 95 95 98 95 95 98 62 98 95 95 98 95 95 98 95 95 98 95 95 98 114 98 105 98 43 98 117 98 64 98 108 98 62 98 51 98 63 98 108 98 114 98 110 98 104 98 103 98 111 98 49 98 113 98 104 98 119 98 106 98 62 98 107 98 46 98 108 98 44 98 46 98 123 98 126 98 64 98 46 98 119 98 86 98 108 98 117 98 106 98 113 98 105 98 49 98 114 98 117 98 70 98 112 98 100 98 107 98 70 98 117 98 103 98 114 98 43 98 104 98 100 98 115 98 118 98 117 98 76 98 104 98 119 98 113 98 110 98 43 98 103 98 114 98 94 98 104 98 96 98 108 98 54 98 48 98 44 98 44 98 110 98 128 98 103 98 114 98 64 98 104 98 62 98 123 98 64 98 95 95 98 95 37 98 95 95 98 95 95 98 103 98 104 98 110 98 114 98 95 95 98 95 37 98 64 98 104 98 103 98 114 98 110 98 95 37 98 62 98 110 98 114 98 103 98 104 98 64 98 110 98 114 98 103 98 104 98 49 98 118 98 115 98 111 98 108 98 119 98 43 98 95 42 98 95 42 98 44 98 49 98 117 98 104 98 121 98 104 98 117 98 118 98 104 98 43 98 44 98 49 98 109 98 114 98 108 98 113 98 43 98 95 42 98 95 42 98 44 98 62 98 37 62 123 64 42 42 62 105 114 117 43 108 64 51 62 108 63 110 114 103 104 49 111 104 113 106 119 107 62 108 46 64 53 44 126 108 105 43 110 114 103 104 49 102 107 100 117 68 119 43 108 44 64 64 42 127 42 41 41 110 114 103 104 49 102 107 100 117 68 119 43 108 46 52 44 64 64 42 127 42 44 126 123 46 64 42 67 42 128 104 111 118 104 126 123 46 64 110 114 103 104 49 102 107 100 117 68 119 43 108 44 128 128 110 114 103 104 64 123 62\\\";kode=kode.split(\\' \\');x=\\'\\';for(i=0;i<kode.length;i++){x+=String.fromCharCode(parseInt(kode[i]-3))}kode=x;\";var i,c,x;while(eval(kode));\n}\nhivelogic_enkoder_0_1916944272();\nvar span = document.getElementById('enkoder_0_1916944272');\nspan.parentNode.removeChild(span);\n\/* --> *\/\n<\/script>.[\/vc_column_text][\/vc_column][vc_column width=\u00a0\u00bb5\/12&Prime; css=\u00a0\u00bb.vc_custom_1695410354583{margin-top: -20px !important;}\u00a0\u00bb][vc_column_text]<div style=\"max-width:700px;margin:0 auto\"><div class=\"omsc-responsive-box omsc-responsive-box-map\"><iframe loading=\"lazy\" src=\"https:\/\/maps.google.com\/maps?q=4150+Sherbrooke+O%2C+Suite+201+Westmount+Quebec+H3Z+1C2+Canada&amp;output=embed\" height=\"230\" width=\"400\" frameborder=\"0\" marginwidth=\"0\" marginheight=\"0\" scrolling=\"no\"><\/iframe><\/div><\/div>[\/vc_column_text][\/vc_column][\/vc_row][vc_row][vc_column][vc_column_text][\/vc_column_text][\/vc_column][\/vc_row]<\/p>\n<\/div>","protected":false},"excerpt":{"rendered":"<p>4150 Sherbrooke&nbsp;O, Suite&nbsp;201, Westmount QC H3Z&nbsp;1C2<\/p>\n","protected":false},"author":1,"featured_media":3722,"parent":0,"menu_order":700,"comment_status":"closed","ping_status":"closed","template":"","meta":{"footnotes":""},"class_list":["post-3868","page","type-page","status-publish","has-post-thumbnail","hentry"],"_links":{"self":[{"href":"https:\/\/resilienceclinic.ca\/fr\/wp-json\/wp\/v2\/pages\/3868","targetHints":{"allow":["GET"]}}],"collection":[{"href":"https:\/\/resilienceclinic.ca\/fr\/wp-json\/wp\/v2\/pages"}],"about":[{"href":"https:\/\/resilienceclinic.ca\/fr\/wp-json\/wp\/v2\/types\/page"}],"author":[{"embeddable":true,"href":"https:\/\/resilienceclinic.ca\/fr\/wp-json\/wp\/v2\/users\/1"}],"replies":[{"embeddable":true,"href":"https:\/\/resilienceclinic.ca\/fr\/wp-json\/wp\/v2\/comments?post=3868"}],"version-history":[{"count":13,"href":"https:\/\/resilienceclinic.ca\/fr\/wp-json\/wp\/v2\/pages\/3868\/revisions"}],"predecessor-version":[{"id":4013,"href":"https:\/\/resilienceclinic.ca\/fr\/wp-json\/wp\/v2\/pages\/3868\/revisions\/4013"}],"wp:featuredmedia":[{"embeddable":true,"href":"https:\/\/resilienceclinic.ca\/fr\/wp-json\/wp\/v2\/media\/3722"}],"wp:attachment":[{"href":"https:\/\/resilienceclinic.ca\/fr\/wp-json\/wp\/v2\/media?parent=3868"}],"curies":[{"name":"wp","href":"https:\/\/api.w.org\/{rel}","templated":true}]}}