{"id":3778,"date":"2019-03-03T20:58:50","date_gmt":"2019-03-04T01:58:50","guid":{"rendered":"https:\/\/resilienceclinic.ca\/about\/"},"modified":"2023-12-22T12:22:16","modified_gmt":"2023-12-22T17:22:16","slug":"a-propos","status":"publish","type":"page","link":"https:\/\/resilienceclinic.ca\/fr\/a-propos\/","title":{"rendered":"\u00c0 propos"},"content":{"rendered":"<div class=\"wpb-content-wrapper\"><p>[vc_row][vc_column width=\u00a0\u00bb1\/3&Prime;][vc_row_inner][vc_column_inner][vc_single_image image=\u00a0\u00bb3885&Prime; img_size=\u00a0\u00bbfull\u00a0\u00bb css=\u00a0\u00bb.vc_custom_1692046053950{margin-bottom: 40px !important;}\u00a0\u00bb][\/vc_column_inner][\/vc_row_inner][\/vc_column][vc_column width=\u00a0\u00bb2\/3&Prime;][vc_row_inner][vc_column_inner][vc_column_text css=\u00a0\u00bb.vc_custom_1691188170595{margin-top: -50px !important;margin-bottom: 20px !important;}\u00a0\u00bb]<\/p>\n<h2><span style=\"color: #999999;\">PARTENAIRES FONDATEURS<\/span><\/h2>\n<p>[\/vc_column_text][\/vc_column_inner][\/vc_row_inner][vc_row_inner][vc_column_inner width=\u00a0\u00bb5\/6&Prime;][vc_single_image image=\u00a0\u00bb4033&Prime; img_size=\u00a0\u00bbfull\u00a0\u00bb css=\u00a0\u00bb.vc_custom_1703265695095{margin-bottom: 0px !important;}\u00a0\u00bb][vc_column_text css=\u00a0\u00bb.vc_custom_1691188210928{margin-top: 0px !important;margin-bottom: 0px !important;}\u00a0\u00bb]<\/p>\n<h3 style=\"text-align: left;\"><span style=\"color: #0069ae;\">Elizabeth\u00a0Foley,\u00a0<\/span><span style=\"color: #0069ae;\">Fabienne Girard\u2011B\u00e9riault et <\/span><span style=\"color: #0069ae;\">Caminee\u00a0Blake<\/span><\/h3>\n<p>[\/vc_column_text][vc_separator color=\u00a0\u00bbcustom\u00a0\u00bb border_width=\u00a0\u00bb2&Prime; css=\u00a0\u00bb.vc_custom_1559616059657{margin-top: 10px !important;margin-bottom: 20px !important;}\u00a0\u00bb accent_color=\u00a0\u00bb#78c6e2&Prime;][vc_column_text css=\u00a0\u00bb.vc_custom_1691188306338{margin-top: 0px !important;margin-bottom: 0px !important;}\u00a0\u00bb]<\/p>\n<h4>En cr\u00e9ant notre clinique, nous avons choisi de travailler avec des coll\u00e8gues dont nous connaissons et appr\u00e9cions le travail. \u00c0\u00a0la Clinique R\u00e9silience, nous partageons un m\u00eame esprit de travail collaboratif, authentique et centr\u00e9 sur la\u00a0personne.<\/h4>\n<p>[\/vc_column_text][vc_column_text css=\u00a0\u00bb.vc_custom_1691188378058{margin-top: 0px !important;margin-bottom: 0px !important;}\u00a0\u00bb]La force de notre \u00e9quipe r\u00e9side dans le fait que nous avons l\u2019habitude de traiter l\u2019ensemble des enjeux et des probl\u00e8mes psychologiques, puisque nous avons travaill\u00e9 en tant que professionnelles en milieu hospitalier pendant la plus grande partie de nos carri\u00e8res.<\/p>\n<p>Notre vision de la Clinique R\u00e9silience est de mobiliser notre expertise conjugu\u00e9e, notre d\u00e9termination personnelle et notre bonne humeur pour offrir un environnement \u00e0 la fois paisible et amusant, s\u00fbr et enjou\u00e9 m\u00eame si les sujets abord\u00e9s peuvent \u00eatre intenses\u00a0: un espace o\u00f9 la r\u00e9silience, la force et l\u2019optimisme peuvent se combiner pour surmonter de nombreux obstacles que la vie nous r\u00e9serve in\u00e9vitablement \u2013 un\u00a0lieu o\u00f9 notre humanit\u00e9 n\u2019est pas seulement reconnue, mais aussi\u00a0c\u00e9l\u00e9br\u00e9e.[\/vc_column_text][\/vc_column_inner][vc_column_inner width=\u00a0\u00bb1\/6&Prime;][\/vc_column_inner][\/vc_row_inner][\/vc_column][\/vc_row]<\/p>\n<\/div>","protected":false},"excerpt":{"rendered":"<p>\u00c0 la clinique R\u00e9silience, nous partageons le souci de travailler de mani\u00e8re collaborative, authentique et avec une approche orient\u00e9e vers&nbsp;l\u2019individu.<\/p>\n","protected":false},"author":1,"featured_media":4033,"parent":0,"menu_order":100,"comment_status":"closed","ping_status":"closed","template":"","meta":{"footnotes":""},"class_list":["post-3778","page","type-page","status-publish","has-post-thumbnail","hentry"],"_links":{"self":[{"href":"https:\/\/resilienceclinic.ca\/fr\/wp-json\/wp\/v2\/pages\/3778","targetHints":{"allow":["GET"]}}],"collection":[{"href":"https:\/\/resilienceclinic.ca\/fr\/wp-json\/wp\/v2\/pages"}],"about":[{"href":"https:\/\/resilienceclinic.ca\/fr\/wp-json\/wp\/v2\/types\/page"}],"author":[{"embeddable":true,"href":"https:\/\/resilienceclinic.ca\/fr\/wp-json\/wp\/v2\/users\/1"}],"replies":[{"embeddable":true,"href":"https:\/\/resilienceclinic.ca\/fr\/wp-json\/wp\/v2\/comments?post=3778"}],"version-history":[{"count":8,"href":"https:\/\/resilienceclinic.ca\/fr\/wp-json\/wp\/v2\/pages\/3778\/revisions"}],"predecessor-version":[{"id":4035,"href":"https:\/\/resilienceclinic.ca\/fr\/wp-json\/wp\/v2\/pages\/3778\/revisions\/4035"}],"wp:featuredmedia":[{"embeddable":true,"href":"https:\/\/resilienceclinic.ca\/fr\/wp-json\/wp\/v2\/media\/4033"}],"wp:attachment":[{"href":"https:\/\/resilienceclinic.ca\/fr\/wp-json\/wp\/v2\/media?parent=3778"}],"curies":[{"name":"wp","href":"https:\/\/api.w.org\/{rel}","templated":true}]}}